{"id":12,"date":"2015-10-12T10:52:53","date_gmt":"2015-10-12T08:52:53","guid":{"rendered":"http:\/\/dorothehug.ch\/?page_id=12"},"modified":"2026-03-31T11:28:50","modified_gmt":"2026-03-31T09:28:50","slug":"behandlungen-2","status":"publish","type":"page","link":"https:\/\/dorothehug.ch\/index.php\/behandlungen-2\/","title":{"rendered":"Behandlungen"},"content":{"rendered":"<div id=\"cs-content\" class=\"cs-content\"><div id=\"x-section-1\" class=\"x-section\" style=\"margin: 0px;padding: 0px; background-color: transparent;\" ><div id=\"\" class=\"x-container max width\" style=\"margin: 0px auto;padding: 0px;\" ><div  class=\"x-column x-sm x-1-2\" style=\"padding: 0px;\" ><h1  class=\"h-custom-headline h4\" ><span>Massage-Angebote<\/span><\/h1><div id=\"\" class=\"x-text\" style=\"\" ><p>G\u00f6nn dir eine Auszeit und lass dich verw\u00f6hnen \u2014 jede Massage ist individuell auf dich abgestimmt.<br \/>\nDer Stundenansatz betr\u00e4gt f\u00fcr alle Massagetherapien:<\/p>\n<table>\n<tbody>\n<tr>\n<th>Dauer<\/th>\n<th>Preis<\/th>\n<\/tr>\n<tr>\n<td>30 Minuten<\/td>\n<td>50 CHF<\/td>\n<\/tr>\n<tr>\n<td>40 Minuten<\/td>\n<td>70 CHF<\/td>\n<\/tr>\n<tr>\n<td>60 Minuten<\/td>\n<td>100 CHF<\/td>\n<\/tr>\n<tr>\n<td>90 Minuten<\/td>\n<td>150 CHF<\/td>\n<\/tr>\n<\/tbody>\n<\/table>\n<p>Kinder und Jugendliche bis zum 18. Lebensjahr:<\/p>\n<table>\n<tbody>\n<tr>\n<th>Dauer<\/th>\n<th>Preis<\/th>\n<\/tr>\n<tr>\n<td>30 Minuten<\/td>\n<td>30 CHF<\/td>\n<\/tr>\n<tr>\n<td>45 Minuten<\/td>\n<td>45 CHF<\/td>\n<\/tr>\n<tr>\n<td>60 Minuten<\/td>\n<td>60 CHF<\/td>\n<\/tr>\n<\/tbody>\n<\/table>\n<\/div><ul class=\"x-row e12-e6 mc-0 mc-1\"><div class=\"x-row-inner\"><li class=\"x-col e12-e7 mc-2\"><\/li><\/div><\/ul><\/div><div  class=\"x-column x-sm x-1-2\" style=\"padding: 0px;\" ><h1  class=\"h-custom-headline h4\" ><span>Abonnement<\/span><\/h1><div id=\"\" class=\"x-text\" style=\"\" ><p>10er Abonnement \u00e0 60 Minuten f\u00fcr Erwachsene f\u00fcr Massagetherapien<br \/>\nCHF 950.-<\/p>\n<hr \/>\n<p>Die Behandlungen k\u00f6nnen in Bar oder mit TWINT beglichen werden.<\/p>\n<\/div><\/div><\/div><\/div><div id=\"x-section-2\" class=\"x-section\" style=\"margin: 0px;padding: 0px; background-color: transparent;\" ><div id=\"\" class=\"x-container max width\" style=\"margin: 0px auto;padding: 0px;\" ><div  class=\"x-column x-sm x-1-1\" style=\"padding: 0px;\" ><h1  class=\"h-custom-headline h4\" ><span>Fussreflexzonenmassage<\/span><\/h1><div id=\"\" class=\"x-text\" style=\"\" ><p>Bei der Fussreflexzonenmassage werden bestimmte Punkte und Zonen an den F\u00fcssen bearbeitet, um Einfluss auf die Organe, Dr\u00fcsen und Systeme des K\u00f6rpers auszu\u00fcben. Durch die Stimulation der entsprechenden Fuss-Zone wird eine erh\u00f6hte Durchblutung und somit ein Stoffwechselausgleich erreicht. Neben der Wiederherstellung des energetischen Gleichgewichts, der gesunden Funktion und des reibungslosen Zusammenspiels der Organe, erzielt die FRZ eine ganzheitliche Entspannung.<\/p>\n<\/div><h1  class=\"h-custom-headline h4\" ><span>Handreflexzonenmassage<\/span><\/h1><div id=\"\" class=\"x-text\" style=\"\" ><p>Unsere H\u00e4nde sind h\u00f6chst empfindliche Organe mit tausenden von Kapillaren und Nervenenden, die es uns erm\u00f6glichen, unsere Welt zu sp\u00fcren und zu ber\u00fchren.<\/p>\n<p><strong>Indikationen<\/strong><br \/>\nEnergetische Leere, zum Beispiel nach langer\/oder chronischer Erkrankung, oder bei Ersch\u00f6pfungszust\u00e4nden.<\/p>\n<\/div><h1  class=\"h-custom-headline h4\" ><span>Klassische Massage<\/span><\/h1><div id=\"\" class=\"x-text\" style=\"\" ><p>Die klassische Massage l\u00f6st Verspannungen der Muskulatur, sowie Myogelosen und Verklebungen. Die Wirkung der Massage erstreckt sich von der behandelten Stelle des K\u00f6rpers \u00fcber den gesamten Organismus. Sie reduziert Stress und lindert k\u00f6rperliche Schmerzen.<\/p>\n<\/div><h1  class=\"h-custom-headline h4\" ><span>Schr\u00f6pfen (trocken) \/ Schr\u00f6pfkopfmassage<\/span><\/h1><div id=\"\" class=\"x-text\" style=\"\" ><p>Das Schr\u00f6pfen ist eine Reiztherapie und z\u00e4hlt zu den ausleitenden Verfahren. Die Methode l\u00f6st keine Nebenwirkungen aus. Durch die Stimulation der Hautrezeptoren (Unterdruck) \u00fcber die Reflexwege, wird gezielt Einfluss auf die inneren Organe genommen.<\/p>\n<ul>\n<li style=\"list-style-type: none;\"><strong>Indikationen<\/strong><\/li>\n<li>L\u00f6sen von faszialen Verklebungen<\/li>\n<li>Verbesserung der Zirkulation<\/li>\n<li>Regulation des autonomen Nervensystems<\/li>\n<li>Lokale Schmerzbeseitigung<\/li>\n<li>Entspannung der Muskulatur<\/li>\n<\/ul>\n<\/div><h1  class=\"h-custom-headline h4\" ><span>Narbenentst\u00f6rung mit Polarisationstechniken<\/span><\/h1><div id=\"\" class=\"x-text\" style=\"\" ><p>Narben wirken auf das Energieflusssystem der Meridiane ein. Das freie fliessen ist unterbrochen.<br \/>\nDurch das bearbeiten und entst\u00f6ren kann eine Narbe glatter und weicher gemacht werden. Ebenso wird die Durchl\u00e4ssigkeit des Energieflusses unterst\u00fctzt und somit eine gute Narbenheilung gew\u00e4hrleistet.<\/p>\n<ul>\n<li style=\"list-style-type: none;\"><strong>Indikationen<\/strong><\/li>\n<li>\u00dcberempfindlichkeit<\/li>\n<li>Taubheit<\/li>\n<li>Druck-und Schmerzempfindlichkeit in der Narbenregion<\/li>\n<\/ul>\n<\/div><h1  class=\"h-custom-headline h4\" ><span>Nacken-und Kopfmassage<\/span><\/h1><div id=\"\" class=\"x-text\" style=\"\" ><p>Die Kopfhaut entspannt sich, die Durchblutung wird gef\u00f6rdert, Angst und Stress legen sich. Die Atmung fliesst tief, ruhig und entspannt im eigenen Rhythmus.<\/p>\n<\/div><h1  class=\"h-custom-headline h4\" ><span>Beinmassage nach Ayurvedischer Art<\/span><\/h1><div id=\"\" class=\"x-text\" style=\"\" ><p>Entspannung der Muskulatur, Verbesserung der Blutzirkulation, Regulation der Atmung, Regulierung des Schlafes, Anregung des Lymphsystems, psychische Entspannung.<\/p>\n<\/div><h1  class=\"h-custom-headline h4\" ><span>K\u00f6rperreflexzonenbehandlung<\/span><\/h1><div id=\"\" class=\"x-text\" style=\"\" ><ul>\n<li style=\"list-style-type: none;\"><strong>Indikationen<\/strong><\/li>\n<li>Schultergelenk<\/li>\n<li>Nackenthema<\/li>\n<li>Tinnitus<\/li>\n<li>Migr\u00e4ne<\/li>\n<li>Spannungsschmerzen<\/li>\n<li>Kopfschmerzen<\/li>\n<li>Karpaltunnelsyndrom<\/li>\n<\/ul>\n<\/div><h1  class=\"h-custom-headline h4\" ><span>Tiergest\u00fctzte Therapie<\/span><\/h1><\/div><\/div><div id=\"\" class=\"x-container max width\" style=\"margin: 0px auto;padding: 0px;\" ><div  class=\"x-column x-sm x-1-2\" style=\"padding: 0px;\" ><div id=\"\" class=\"x-text\" style=\"\" ><p>Tiere haben eine ganz besondere Wirkung auf uns Menschen!<\/p>\n<p>In der tiergest\u00fctzten Arbeit geht es darum, mit Hilfe des Tiers die Entwicklung und Entfaltung eines Menschen zu unterst\u00fctzen und zu f\u00f6rdern.<\/p>\n<p>Meine zwei Hunde kommen hier unterst\u00fctzend zum Einsatz und dienen in einem Therapieprozess als Br\u00fccke zwischen Klient und mir als Therapeuten!<\/p>\n<ul>\n<li style=\"list-style-type: none;\"><strong>M\u00f6gliche Ziele einer tiergest\u00fctzten Therapie<\/strong><\/li>\n<li>Angstabbau<\/li>\n<li>Stressabbau<\/li>\n<li>Emotionale Stabilisierung<\/li>\n<li>Erh\u00f6hung der Bindungsf\u00e4higkeit<\/li>\n<li>Unterst\u00fctzung bei:<\/li>\n<li>Depressionen, Burnout, Trauer\u2026<\/li>\n<\/ul>\n<\/div><\/div><div  class=\"x-column x-sm x-1-2\" style=\"padding: 0px;\" ><img decoding=\"async\"  class=\"x-img x-img-rounded\"  src=\"https:\/\/dorothehug.ch\/wp-content\/uploads\/2022\/11\/Tiergest\u00fctzte-Therapie.jpg\" ><\/div><\/div><\/div><\/div>","protected":false},"excerpt":{"rendered":"<p>Massage-AngeboteG\u00f6nn dir eine Auszeit und lass dich verw\u00f6hnen \u2014 jede Massage ist individuell auf dich abgestimmt. Der Stundenansatz betr\u00e4gt f\u00fcr alle Massagetherapien: Dauer Preis 30 Minuten 50 CHF 40 Minuten 70 CHF 60 Minuten 100 CHF 90 Minuten 150 CHF Kinder und Jugendliche bis zum 18. Lebensjahr: Dauer Preis 30 Minuten 30 CHF 45 Minuten 45 CHF 60 Minuten 60 &#8230; <\/p>\n<div><a href=\"https:\/\/dorothehug.ch\/index.php\/behandlungen-2\/\" class=\"more-link\">Read More<\/a><\/div>\n","protected":false},"author":1,"featured_media":0,"parent":0,"menu_order":0,"comment_status":"closed","ping_status":"closed","template":"","meta":{"footnotes":""},"class_list":["post-12","page","type-page","status-publish","hentry","no-post-thumbnail"],"aioseo_notices":[],"_links":{"self":[{"href":"https:\/\/dorothehug.ch\/index.php\/wp-json\/wp\/v2\/pages\/12","targetHints":{"allow":["GET"]}}],"collection":[{"href":"https:\/\/dorothehug.ch\/index.php\/wp-json\/wp\/v2\/pages"}],"about":[{"href":"https:\/\/dorothehug.ch\/index.php\/wp-json\/wp\/v2\/types\/page"}],"author":[{"embeddable":true,"href":"https:\/\/dorothehug.ch\/index.php\/wp-json\/wp\/v2\/users\/1"}],"replies":[{"embeddable":true,"href":"https:\/\/dorothehug.ch\/index.php\/wp-json\/wp\/v2\/comments?post=12"}],"version-history":[{"count":61,"href":"https:\/\/dorothehug.ch\/index.php\/wp-json\/wp\/v2\/pages\/12\/revisions"}],"predecessor-version":[{"id":277,"href":"https:\/\/dorothehug.ch\/index.php\/wp-json\/wp\/v2\/pages\/12\/revisions\/277"}],"wp:attachment":[{"href":"https:\/\/dorothehug.ch\/index.php\/wp-json\/wp\/v2\/media?parent=12"}],"curies":[{"name":"wp","href":"https:\/\/api.w.org\/{rel}","templated":true}]}}